{"id":14,"date":"2022-10-11T22:08:07","date_gmt":"2022-10-11T20:08:07","guid":{"rendered":"https:\/\/aloesthetic.com\/?page_id=14"},"modified":"2023-01-14T17:19:26","modified_gmt":"2023-01-14T16:19:26","slug":"mes-produits","status":"publish","type":"page","link":"https:\/\/aloesthetic.com\/index.php\/mes-produits\/","title":{"rendered":"Mes produits"},"content":{"rendered":"<div data-colibri-id=\"14-c1\" class=\"style-299 style-local-14-c1 position-relative\">\n  <!---->\n  <div data-colibri-component=\"section\" data-colibri-id=\"14-c2\" id=\"overlappable-2\" class=\"h-section h-section-global-spacing d-flex align-items-lg-center align-items-md-center align-items-center style-313 style-local-14-c2 position-relative\">\n    <!---->\n    <!---->\n    <div class=\"h-section-grid-container h-section-boxed-container\">\n      <!---->\n      <div data-colibri-id=\"14-c3\" class=\"h-row-container gutters-row-lg-2 gutters-row-md-2 gutters-row-0 gutters-row-v-lg-2 gutters-row-v-md-2 gutters-row-v-2 style-327 style-local-14-c3 position-relative\">\n        <!---->\n        <div class=\"h-row justify-content-lg-center justify-content-md-center justify-content-center align-items-lg-stretch align-items-md-stretch align-items-stretch gutters-col-lg-2 gutters-col-md-2 gutters-col-0 gutters-col-v-lg-2 gutters-col-v-md-2 gutters-col-v-2\">\n          <!---->\n          <div class=\"h-column h-column-container d-flex h-col-lg-auto h-col-md-auto h-col-auto style-328-outer style-local-14-c4-outer\">\n            <div data-colibri-id=\"14-c4\" class=\"d-flex h-flex-basis h-column__inner h-px-lg-2 h-px-md-2 h-px-2 v-inner-lg-2 v-inner-md-2 v-inner-2 style-328 style-local-14-c4 position-relative\">\n              <!---->\n              <!---->\n              <div class=\"w-100 h-y-container h-column__content h-column__v-align flex-basis-100 align-self-lg-start align-self-md-start align-self-start\">\n                <!---->\n                <div data-colibri-id=\"14-c5\" class=\"h-text h-text-component style-329 style-local-14-c5 position-relative h-element\">\n                  <!---->\n                  <!---->\n                  <div class=\"\">\n                    <p>Les produits que j\u2019utilise sont \u00e9galement en vente sur ma boutique<\/p>\n                  <\/div>\n                <\/div>\n                <div data-colibri-id=\"14-c6\" class=\"d-block style-523 style-local-14-c6 position-relative h-element\">\n                  <!---->\n                  <div class=\"h-image__frame-container-outer\">\n                    <div class=\"h-image__frame-container\">\n                      <!---->\n                      <!---->\n                      <img loading=\"lazy\" decoding=\"async\" width=\"217\" height=\"108\" src=\"https:\/\/aloesthetic.com\/wp-content\/uploads\/2022\/12\/LOGOS-FOREVER-1.png\" class=\"wp-image-556 style-523-image style-local-14-c6-image\" alt=\"\" \/>\n                      <div class=\"h-image__frame h-hide-lg h-hide-md h-hide-sm style-523-frameImage style-local-14-c6-frameImage\"><\/div>\n                    <\/div>\n                  <\/div>\n                <\/div>\n                <div data-colibri-id=\"14-c7\" class=\"h-x-container style-498 style-local-14-c7 position-relative h-element\">\n                  <!---->\n                  <div class=\"h-x-container-inner style-dynamic-14-c7-group style-498-spacing style-local-14-c7-spacing\"><span class=\"h-button__outer style-499-outer style-local-14-c8-outer d-inline-flex h-element\"><a h-use-smooth-scroll=\"true\" href=\"https:\/\/direct.foreverliving.fr\/ref\/330001472690\/?fbclid=IwAR1nua7aLn26xtn-wlxMelePS3icgZnMolvOtm455uj_PyaBF0y0llafGbc\" target=\"_blank\" data-colibri-id=\"14-c8\" class=\"d-flex w-100 align-items-center h-button justify-content-lg-center justify-content-md-center justify-content-center style-499 style-local-14-c8 position-relative\" rel=\"noopener\"><!----><!----> <span>Ma boutique<\/span><\/a>\n                    <\/span>\n                  <\/div>\n                <\/div>\n              <\/div>\n            <\/div>\n          <\/div>\n        <\/div>\n      <\/div>\n      <div data-colibri-id=\"14-c9\" class=\"h-row-container gutters-row-lg-0 gutters-row-md-0 gutters-row-2 gutters-row-v-lg-0 gutters-row-v-md-0 gutters-row-v-2 style-314 style-local-14-c9 position-relative\">\n        <!---->\n        <div class=\"h-row justify-content-lg-center justify-content-md-center justify-content-center align-items-lg-stretch align-items-md-stretch align-items-stretch gutters-col-lg-0 gutters-col-md-0 gutters-col-2 gutters-col-v-lg-0 gutters-col-v-md-0 gutters-col-v-2\">\n          <!---->\n          <div class=\"h-column h-column-container d-flex h-col-lg-4 h-col-md-4 h-col-12 style-315-outer style-local-14-c10-outer\">\n            <div data-colibri-id=\"14-c10\" class=\"d-flex h-flex-basis h-column__inner h-px-lg-3 h-px-md-3 h-px-2 v-inner-lg-3 v-inner-md-3 v-inner-2 style-315 style-local-14-c10 position-relative\">\n              <!---->\n              <!---->\n              <div class=\"w-100 h-y-container h-column__content h-column__v-align flex-basis-100 align-self-lg-start align-self-md-start align-self-start\">\n                <!---->\n                <div data-colibri-id=\"14-c11\" class=\"h-icon style-316 style-local-14-c11 position-relative h-element\">\n                  <!----><span class=\"h-svg-icon h-icon__icon style-316-icon style-local-14-c11-icon\"><!--Icon by Font Awesome (https:\/\/fontawesome.com)-->\n    <svg version=\"1.1\" xmlns=\"http:\/\/www.w3.org\/2000\/svg\" xmlns:xlink=\"http:\/\/www.w3.org\/1999\/xlink\" id=\"leaf\" viewBox=\"0 0 1792 1896.0833\">\n      <path d=\"M1280 704q0-26-19-45t-45-19q-172 0-318 49.5t-259.5 134T403 1043q-19 21-19 45 0 26 19 45t45 19q24 0 45-19 27-24 74-71t67-66q137-124 268.5-176t313.5-52q26 0 45-19t19-45zm512-198q0 95-20 193-46 224-184.5 383T1230 1350q-214 108-438 108-148 0-286-47-15-5-88-42t-96-37q-16 0-39.5 32t-45 70-52.5 70-60 32q-43 0-63.5-17.5T16 1459q-2-4-6-11t-5.5-10-3-9.5T0 1415q0-35 31-73.5t68-65.5 68-56 31-48q0-4-14-38t-16-44q-9-51-9-104 0-115 43.5-220t119-184.5 170.5-139T696 347q55-18 145-25.5t179.5-9 178.5-6 163.5-24T1476 226l29.5-29.5 29.5-28 27-20 36.5-16 43.5-4.5q39 0 70.5 46t47.5 112 24 124 8 96z\"><\/path>\n    <\/svg><\/span><\/div>\n                <div data-colibri-id=\"14-c12\" class=\"h-global-transition-all h-heading style-317 style-local-14-c12 position-relative h-element\">\n                  <!---->\n                  <div class=\"h-heading__outer style-317 style-local-14-c12\">\n                    <!---->\n                    <!---->\n                    <h5 class=\"\">2 000 composants<\/h5>\n                  <\/div>\n                <\/div>\n                <div data-colibri-id=\"14-c13\" class=\"h-text h-text-component style-318 style-local-14-c13 position-relative h-element\">\n                  <!---->\n                  <!---->\n                  <div class=\"\">\n                    <p>L&rsquo;aloe vera a plus de 2&nbsp;000 composants comme l\u2019enzyme, des vitamines, des acides amin\u00e9s\u2026<\/p>\n                  <\/div>\n                <\/div>\n              <\/div>\n            <\/div>\n          <\/div>\n          <div class=\"h-column h-column-container d-flex h-col-lg-4 h-col-md-4 h-col-12 style-315-outer style-local-14-c14-outer\">\n            <div data-colibri-id=\"14-c14\" class=\"d-flex h-flex-basis h-column__inner h-px-lg-3 h-px-md-3 h-px-2 v-inner-lg-3 v-inner-md-3 v-inner-2 style-315 style-local-14-c14 position-relative\">\n              <!---->\n              <!---->\n              <div class=\"w-100 h-y-container h-column__content h-column__v-align flex-basis-100 align-self-lg-start align-self-md-start align-self-start\">\n                <!---->\n                <div data-colibri-id=\"14-c15\" class=\"h-icon style-316 style-local-14-c15 position-relative h-element\">\n                  <!----><span class=\"h-svg-icon h-icon__icon style-316-icon style-local-14-c15-icon\"><!--Icon by Font Awesome (https:\/\/fontawesome.com)-->\n    <svg version=\"1.1\" xmlns=\"http:\/\/www.w3.org\/2000\/svg\" xmlns:xlink=\"http:\/\/www.w3.org\/1999\/xlink\" id=\"heart\" viewBox=\"0 0 1792 1896.0833\">\n      <path d=\"M896 1664q-26 0-44-18l-624-602q-10-8-27.5-26T145 952.5 77 855 23.5 734 0 596q0-220 127-344t351-124q62 0 126.5 21.5t120 58T820 276t76 68q36-36 76-68t95.5-68.5 120-58T1314 128q224 0 351 124t127 344q0 221-229 450l-623 600q-18 18-44 18z\"><\/path>\n    <\/svg><\/span><\/div>\n                <div data-colibri-id=\"14-c16\" class=\"h-global-transition-all h-heading style-317 style-local-14-c16 position-relative h-element\">\n                  <!---->\n                  <div class=\"h-heading__outer style-317 style-local-14-c16\">\n                    <!---->\n                    <!---->\n                    <h5 class=\"\">des vertus pour la sant\u00e9<\/h5>\n                  <\/div>\n                <\/div>\n                <div data-colibri-id=\"14-c17\" class=\"h-text h-text-component style-318 style-local-14-c17 position-relative h-element\">\n                  <!---->\n                  <!---->\n                  <div class=\"\">\n                    <p>Cicatrisante, revitalisante, r\u00e9g\u00e9n\u00e9rante, d\u00e9toxifiante<\/p>\n                  <\/div>\n                <\/div>\n              <\/div>\n            <\/div>\n          <\/div>\n          <div class=\"h-column h-column-container d-flex h-col-lg-4 h-col-md-4 h-col-12 style-315-outer style-local-14-c18-outer\">\n            <div data-colibri-id=\"14-c18\" class=\"d-flex h-flex-basis h-column__inner h-px-lg-3 h-px-md-3 h-px-2 v-inner-lg-3 v-inner-md-3 v-inner-2 style-315 style-local-14-c18 position-relative\">\n              <!---->\n              <!---->\n              <div class=\"w-100 h-y-container h-column__content h-column__v-align flex-basis-100 align-self-lg-start align-self-md-start align-self-start\">\n                <!---->\n                <div data-colibri-id=\"14-c19\" class=\"h-icon style-316 style-local-14-c19 position-relative h-element\">\n                  <!----><span class=\"h-svg-icon h-icon__icon style-316-icon style-local-14-c19-icon\"><!--Icon by Font Awesome (https:\/\/fontawesome.com)-->\n    <svg version=\"1.1\" xmlns=\"http:\/\/www.w3.org\/2000\/svg\" xmlns:xlink=\"http:\/\/www.w3.org\/1999\/xlink\" id=\"check\" viewBox=\"0 0 1792 1896.0833\">\n      <path d=\"M1671 566q0 40-28 68l-724 724-136 136q-28 28-68 28t-68-28l-136-136-362-362q-28-28-28-68t28-68l136-136q28-28 68-28t68 28l294 295 656-657q28-28 68-28t68 28l136 136q28 28 28 68z\"><\/path>\n    <\/svg><\/span><\/div>\n                <div data-colibri-id=\"14-c20\" class=\"h-global-transition-all h-heading style-317 style-local-14-c20 position-relative h-element\">\n                  <!---->\n                  <div class=\"h-heading__outer style-317 style-local-14-c20\">\n                    <!---->\n                    <!---->\n                    <h5 class=\"\">Label IASC<\/h5>\n                  <\/div>\n                <\/div>\n                <div data-colibri-id=\"14-c21\" class=\"h-text h-text-component style-318 style-local-14-c21 position-relative h-element\">\n                  <!---->\n                  <!---->\n                  <div class=\"\">\n                    <p>Mes produits ont le label IASC (International Aloe Science Council)<\/p>\n                  <\/div>\n                <\/div>\n              <\/div>\n            <\/div>\n          <\/div>\n        <\/div>\n      <\/div>\n      <div data-colibri-id=\"14-c22\" class=\"h-row-container gutters-row-lg-2 gutters-row-md-2 gutters-row-0 gutters-row-v-lg-2 gutters-row-v-md-2 gutters-row-v-2 style-330 style-local-14-c22 position-relative\">\n        <!---->\n        <div class=\"h-row justify-content-lg-center justify-content-md-center justify-content-center align-items-lg-stretch align-items-md-stretch align-items-stretch gutters-col-lg-2 gutters-col-md-2 gutters-col-0 gutters-col-v-lg-2 gutters-col-v-md-2 gutters-col-v-2\">\n          <!---->\n          <div class=\"h-column h-column-container d-flex h-col-lg-auto h-col-md-auto h-col-auto style-331-outer style-local-14-c23-outer\">\n            <div data-colibri-id=\"14-c23\" class=\"d-flex h-flex-basis h-column__inner h-px-lg-2 h-px-md-2 h-px-2 v-inner-lg-2 v-inner-md-2 v-inner-2 style-331 style-local-14-c23 position-relative\">\n              <!---->\n              <!---->\n              <div class=\"w-100 h-y-container h-column__content h-column__v-align flex-basis-100 align-self-lg-start align-self-md-start align-self-start\">\n                <!---->\n                <div data-colibri-id=\"14-c24\" class=\"h-x-container style-332 style-local-14-c24 position-relative h-element\">\n                  <!---->\n                  <div class=\"h-x-container-inner style-dynamic-14-c24-group style-332-spacing style-local-14-c24-spacing\"><span class=\"h-button__outer style-333-outer style-local-14-c25-outer d-inline-flex h-element\"><a h-use-smooth-scroll=\"true\" href=\"https:\/\/aloesthetic.com\/index.php\/contact\/\"  data-colibri-id=\"14-c25\" class=\"d-flex w-100 align-items-center h-button justify-content-lg-center justify-content-md-center justify-content-center style-333 style-local-14-c25 position-relative\"><!----><!----> <span>Plus de renseignements<\/span><\/a>\n                    <\/span>\n                  <\/div>\n                <\/div>\n              <\/div>\n            <\/div>\n          <\/div>\n        <\/div>\n      <\/div>\n    <\/div>\n  <\/div>\n<\/div>","protected":false},"excerpt":{"rendered":"<p>Les produits que j\u2019utilise sont \u00e9galement en vente sur ma boutique Ma boutique 2 000 composants L&rsquo;aloe vera a plus de 2&nbsp;000 composants comme l\u2019enzyme, des vitamines, des acides amin\u00e9s\u2026 des vertus pour la sant\u00e9 Cicatrisante, revitalisante, r\u00e9g\u00e9n\u00e9rante, d\u00e9toxifiante Label IASC Mes produits ont le label IASC (International Aloe Science Council) Plus de renseignements<\/p>\n","protected":false},"author":1,"featured_media":0,"parent":0,"menu_order":0,"comment_status":"closed","ping_status":"closed","template":"page-templates\/full-width-page.php","meta":{"footnotes":""},"class_list":["post-14","page","type-page","status-publish","hentry"],"yoast_head":"<!-- This site is optimized with the Yoast SEO plugin v27.4 - https:\/\/yoast.com\/product\/yoast-seo-wordpress\/ -->\n<title>Mes produits - Aloe&#039;sthetic<\/title>\n<meta name=\"description\" content=\"Esth\u00e9ticienne \u00e0 domicile : \u00e9pilation, soins du corps, modelage, soins du visage, manucure, beaut\u00e9 des pieds \u00e0 Ars-sur-Formans, Savigneux, Amb\u00e9rieux en Dombes, Saint-Jean-de-Thurignieux,Civrieux, Montanay, Neuville sur Sa\u00f4ne, Massieux, Reyrieux, Tr\u00e9voux, Saint-Didier-de-Formans, Saint-Euph\u00e9mie, Mis\u00e9rieux, Jassans-Riottier, Villeneuve et leurs alentours.\" \/>\n<meta name=\"robots\" content=\"index, follow, max-snippet:-1, max-image-preview:large, max-video-preview:-1\" \/>\n<link rel=\"canonical\" href=\"https:\/\/aloesthetic.com\/index.php\/mes-produits\/\" \/>\n<meta property=\"og:locale\" content=\"fr_FR\" \/>\n<meta property=\"og:type\" content=\"article\" \/>\n<meta property=\"og:title\" content=\"Mes produits - Aloe&#039;sthetic\" \/>\n<meta property=\"og:description\" content=\"Esth\u00e9ticienne \u00e0 domicile : \u00e9pilation, soins du corps, modelage, soins du visage, manucure, beaut\u00e9 des pieds \u00e0 Ars-sur-Formans, Savigneux, Amb\u00e9rieux en Dombes, Saint-Jean-de-Thurignieux,Civrieux, Montanay, Neuville sur Sa\u00f4ne, Massieux, Reyrieux, Tr\u00e9voux, Saint-Didier-de-Formans, Saint-Euph\u00e9mie, Mis\u00e9rieux, Jassans-Riottier, Villeneuve et leurs alentours.\" \/>\n<meta property=\"og:url\" content=\"https:\/\/aloesthetic.com\/index.php\/mes-produits\/\" \/>\n<meta property=\"og:site_name\" content=\"Aloe&#039;sthetic\" \/>\n<meta property=\"article:publisher\" content=\"https:\/\/www.facebook.com\/l.aloesthetic\/\" \/>\n<meta property=\"article:modified_time\" content=\"2023-01-14T16:19:26+00:00\" \/>\n<meta property=\"og:image\" content=\"https:\/\/aloesthetic.com\/wp-content\/uploads\/2022\/12\/LOGOS-FOREVER-1.png\" \/>\n<meta name=\"twitter:card\" content=\"summary_large_image\" \/>\n<meta name=\"twitter:label1\" content=\"Dur\u00e9e de lecture estim\u00e9e\" \/>\n\t<meta name=\"twitter:data1\" content=\"1 minute\" \/>\n<script type=\"application\/ld+json\" class=\"yoast-schema-graph\">{\"@context\":\"https:\\\/\\\/schema.org\",\"@graph\":[{\"@type\":\"WebPage\",\"@id\":\"https:\\\/\\\/aloesthetic.com\\\/index.php\\\/mes-produits\\\/\",\"url\":\"https:\\\/\\\/aloesthetic.com\\\/index.php\\\/mes-produits\\\/\",\"name\":\"Mes produits - Aloe&#039;sthetic\",\"isPartOf\":{\"@id\":\"https:\\\/\\\/aloesthetic.com\\\/#website\"},\"primaryImageOfPage\":{\"@id\":\"https:\\\/\\\/aloesthetic.com\\\/index.php\\\/mes-produits\\\/#primaryimage\"},\"image\":{\"@id\":\"https:\\\/\\\/aloesthetic.com\\\/index.php\\\/mes-produits\\\/#primaryimage\"},\"thumbnailUrl\":\"https:\\\/\\\/aloesthetic.com\\\/wp-content\\\/uploads\\\/2022\\\/12\\\/LOGOS-FOREVER-1.png\",\"datePublished\":\"2022-10-11T20:08:07+00:00\",\"dateModified\":\"2023-01-14T16:19:26+00:00\",\"description\":\"Esth\u00e9ticienne \u00e0 domicile : \u00e9pilation, soins du corps, modelage, soins du visage, manucure, beaut\u00e9 des pieds \u00e0 Ars-sur-Formans, Savigneux, Amb\u00e9rieux en Dombes, Saint-Jean-de-Thurignieux,Civrieux, Montanay, Neuville sur Sa\u00f4ne, Massieux, Reyrieux, Tr\u00e9voux, Saint-Didier-de-Formans, Saint-Euph\u00e9mie, Mis\u00e9rieux, Jassans-Riottier, Villeneuve et leurs alentours.\",\"breadcrumb\":{\"@id\":\"https:\\\/\\\/aloesthetic.com\\\/index.php\\\/mes-produits\\\/#breadcrumb\"},\"inLanguage\":\"fr-FR\",\"potentialAction\":[{\"@type\":\"ReadAction\",\"target\":[\"https:\\\/\\\/aloesthetic.com\\\/index.php\\\/mes-produits\\\/\"]}]},{\"@type\":\"ImageObject\",\"inLanguage\":\"fr-FR\",\"@id\":\"https:\\\/\\\/aloesthetic.com\\\/index.php\\\/mes-produits\\\/#primaryimage\",\"url\":\"https:\\\/\\\/aloesthetic.com\\\/wp-content\\\/uploads\\\/2022\\\/12\\\/LOGOS-FOREVER-1.png\",\"contentUrl\":\"https:\\\/\\\/aloesthetic.com\\\/wp-content\\\/uploads\\\/2022\\\/12\\\/LOGOS-FOREVER-1.png\",\"width\":217,\"height\":108},{\"@type\":\"BreadcrumbList\",\"@id\":\"https:\\\/\\\/aloesthetic.com\\\/index.php\\\/mes-produits\\\/#breadcrumb\",\"itemListElement\":[{\"@type\":\"ListItem\",\"position\":1,\"name\":\"Accueil\",\"item\":\"https:\\\/\\\/aloesthetic.com\\\/\"},{\"@type\":\"ListItem\",\"position\":2,\"name\":\"Mes produits\"}]},{\"@type\":\"WebSite\",\"@id\":\"https:\\\/\\\/aloesthetic.com\\\/#website\",\"url\":\"https:\\\/\\\/aloesthetic.com\\\/\",\"name\":\"Aloesthetic\",\"description\":\"Soins esth\u00e9tiques \u00e0 domicile\",\"publisher\":{\"@id\":\"https:\\\/\\\/aloesthetic.com\\\/#organization\"},\"potentialAction\":[{\"@type\":\"SearchAction\",\"target\":{\"@type\":\"EntryPoint\",\"urlTemplate\":\"https:\\\/\\\/aloesthetic.com\\\/?s={search_term_string}\"},\"query-input\":{\"@type\":\"PropertyValueSpecification\",\"valueRequired\":true,\"valueName\":\"search_term_string\"}}],\"inLanguage\":\"fr-FR\"},{\"@type\":\"Organization\",\"@id\":\"https:\\\/\\\/aloesthetic.com\\\/#organization\",\"name\":\"Aloesthetic\",\"url\":\"https:\\\/\\\/aloesthetic.com\\\/\",\"logo\":{\"@type\":\"ImageObject\",\"inLanguage\":\"fr-FR\",\"@id\":\"https:\\\/\\\/aloesthetic.com\\\/#\\\/schema\\\/logo\\\/image\\\/\",\"url\":\"https:\\\/\\\/aloesthetic.com\\\/wp-content\\\/uploads\\\/2022\\\/10\\\/cropped-Snapchat-2018082298.png\",\"contentUrl\":\"https:\\\/\\\/aloesthetic.com\\\/wp-content\\\/uploads\\\/2022\\\/10\\\/cropped-Snapchat-2018082298.png\",\"width\":698,\"height\":185,\"caption\":\"Aloesthetic\"},\"image\":{\"@id\":\"https:\\\/\\\/aloesthetic.com\\\/#\\\/schema\\\/logo\\\/image\\\/\"},\"sameAs\":[\"https:\\\/\\\/www.facebook.com\\\/l.aloesthetic\\\/\",\"https:\\\/\\\/www.instagram.com\\\/l.aloesthetic\\\/?hl=fr\"]}]}<\/script>\n<!-- \/ Yoast SEO plugin. -->","yoast_head_json":{"title":"Mes produits - Aloe&#039;sthetic","description":"Esth\u00e9ticienne \u00e0 domicile : \u00e9pilation, soins du corps, modelage, soins du visage, manucure, beaut\u00e9 des pieds \u00e0 Ars-sur-Formans, Savigneux, Amb\u00e9rieux en Dombes, Saint-Jean-de-Thurignieux,Civrieux, Montanay, Neuville sur Sa\u00f4ne, Massieux, Reyrieux, Tr\u00e9voux, Saint-Didier-de-Formans, Saint-Euph\u00e9mie, Mis\u00e9rieux, Jassans-Riottier, Villeneuve et leurs alentours.","robots":{"index":"index","follow":"follow","max-snippet":"max-snippet:-1","max-image-preview":"max-image-preview:large","max-video-preview":"max-video-preview:-1"},"canonical":"https:\/\/aloesthetic.com\/index.php\/mes-produits\/","og_locale":"fr_FR","og_type":"article","og_title":"Mes produits - Aloe&#039;sthetic","og_description":"Esth\u00e9ticienne \u00e0 domicile : \u00e9pilation, soins du corps, modelage, soins du visage, manucure, beaut\u00e9 des pieds \u00e0 Ars-sur-Formans, Savigneux, Amb\u00e9rieux en Dombes, Saint-Jean-de-Thurignieux,Civrieux, Montanay, Neuville sur Sa\u00f4ne, Massieux, Reyrieux, Tr\u00e9voux, Saint-Didier-de-Formans, Saint-Euph\u00e9mie, Mis\u00e9rieux, Jassans-Riottier, Villeneuve et leurs alentours.","og_url":"https:\/\/aloesthetic.com\/index.php\/mes-produits\/","og_site_name":"Aloe&#039;sthetic","article_publisher":"https:\/\/www.facebook.com\/l.aloesthetic\/","article_modified_time":"2023-01-14T16:19:26+00:00","og_image":[{"url":"https:\/\/aloesthetic.com\/wp-content\/uploads\/2022\/12\/LOGOS-FOREVER-1.png","type":"","width":"","height":""}],"twitter_card":"summary_large_image","twitter_misc":{"Dur\u00e9e de lecture estim\u00e9e":"1 minute"},"schema":{"@context":"https:\/\/schema.org","@graph":[{"@type":"WebPage","@id":"https:\/\/aloesthetic.com\/index.php\/mes-produits\/","url":"https:\/\/aloesthetic.com\/index.php\/mes-produits\/","name":"Mes produits - Aloe&#039;sthetic","isPartOf":{"@id":"https:\/\/aloesthetic.com\/#website"},"primaryImageOfPage":{"@id":"https:\/\/aloesthetic.com\/index.php\/mes-produits\/#primaryimage"},"image":{"@id":"https:\/\/aloesthetic.com\/index.php\/mes-produits\/#primaryimage"},"thumbnailUrl":"https:\/\/aloesthetic.com\/wp-content\/uploads\/2022\/12\/LOGOS-FOREVER-1.png","datePublished":"2022-10-11T20:08:07+00:00","dateModified":"2023-01-14T16:19:26+00:00","description":"Esth\u00e9ticienne \u00e0 domicile : \u00e9pilation, soins du corps, modelage, soins du visage, manucure, beaut\u00e9 des pieds \u00e0 Ars-sur-Formans, Savigneux, Amb\u00e9rieux en Dombes, Saint-Jean-de-Thurignieux,Civrieux, Montanay, Neuville sur Sa\u00f4ne, Massieux, Reyrieux, Tr\u00e9voux, Saint-Didier-de-Formans, Saint-Euph\u00e9mie, Mis\u00e9rieux, Jassans-Riottier, Villeneuve et leurs alentours.","breadcrumb":{"@id":"https:\/\/aloesthetic.com\/index.php\/mes-produits\/#breadcrumb"},"inLanguage":"fr-FR","potentialAction":[{"@type":"ReadAction","target":["https:\/\/aloesthetic.com\/index.php\/mes-produits\/"]}]},{"@type":"ImageObject","inLanguage":"fr-FR","@id":"https:\/\/aloesthetic.com\/index.php\/mes-produits\/#primaryimage","url":"https:\/\/aloesthetic.com\/wp-content\/uploads\/2022\/12\/LOGOS-FOREVER-1.png","contentUrl":"https:\/\/aloesthetic.com\/wp-content\/uploads\/2022\/12\/LOGOS-FOREVER-1.png","width":217,"height":108},{"@type":"BreadcrumbList","@id":"https:\/\/aloesthetic.com\/index.php\/mes-produits\/#breadcrumb","itemListElement":[{"@type":"ListItem","position":1,"name":"Accueil","item":"https:\/\/aloesthetic.com\/"},{"@type":"ListItem","position":2,"name":"Mes produits"}]},{"@type":"WebSite","@id":"https:\/\/aloesthetic.com\/#website","url":"https:\/\/aloesthetic.com\/","name":"Aloesthetic","description":"Soins esth\u00e9tiques \u00e0 domicile","publisher":{"@id":"https:\/\/aloesthetic.com\/#organization"},"potentialAction":[{"@type":"SearchAction","target":{"@type":"EntryPoint","urlTemplate":"https:\/\/aloesthetic.com\/?s={search_term_string}"},"query-input":{"@type":"PropertyValueSpecification","valueRequired":true,"valueName":"search_term_string"}}],"inLanguage":"fr-FR"},{"@type":"Organization","@id":"https:\/\/aloesthetic.com\/#organization","name":"Aloesthetic","url":"https:\/\/aloesthetic.com\/","logo":{"@type":"ImageObject","inLanguage":"fr-FR","@id":"https:\/\/aloesthetic.com\/#\/schema\/logo\/image\/","url":"https:\/\/aloesthetic.com\/wp-content\/uploads\/2022\/10\/cropped-Snapchat-2018082298.png","contentUrl":"https:\/\/aloesthetic.com\/wp-content\/uploads\/2022\/10\/cropped-Snapchat-2018082298.png","width":698,"height":185,"caption":"Aloesthetic"},"image":{"@id":"https:\/\/aloesthetic.com\/#\/schema\/logo\/image\/"},"sameAs":["https:\/\/www.facebook.com\/l.aloesthetic\/","https:\/\/www.instagram.com\/l.aloesthetic\/?hl=fr"]}]}},"jetpack_sharing_enabled":true,"_links":{"self":[{"href":"https:\/\/aloesthetic.com\/index.php\/wp-json\/wp\/v2\/pages\/14","targetHints":{"allow":["GET"]}}],"collection":[{"href":"https:\/\/aloesthetic.com\/index.php\/wp-json\/wp\/v2\/pages"}],"about":[{"href":"https:\/\/aloesthetic.com\/index.php\/wp-json\/wp\/v2\/types\/page"}],"author":[{"embeddable":true,"href":"https:\/\/aloesthetic.com\/index.php\/wp-json\/wp\/v2\/users\/1"}],"replies":[{"embeddable":true,"href":"https:\/\/aloesthetic.com\/index.php\/wp-json\/wp\/v2\/comments?post=14"}],"version-history":[{"count":20,"href":"https:\/\/aloesthetic.com\/index.php\/wp-json\/wp\/v2\/pages\/14\/revisions"}],"predecessor-version":[{"id":631,"href":"https:\/\/aloesthetic.com\/index.php\/wp-json\/wp\/v2\/pages\/14\/revisions\/631"}],"wp:attachment":[{"href":"https:\/\/aloesthetic.com\/index.php\/wp-json\/wp\/v2\/media?parent=14"}],"curies":[{"name":"wp","href":"https:\/\/api.w.org\/{rel}","templated":true}]}}