{"id":12,"date":"2022-10-11T22:08:07","date_gmt":"2022-10-11T20:08:07","guid":{"rendered":"https:\/\/aloesthetic.com\/?page_id=12"},"modified":"2022-12-30T10:18:10","modified_gmt":"2022-12-30T09:18:10","slug":"qui-suis-je","status":"publish","type":"page","link":"https:\/\/aloesthetic.com\/index.php\/qui-suis-je\/","title":{"rendered":"Qui suis-je ?"},"content":{"rendered":"<div data-colibri-id=\"12-c1\" class=\"style-196 style-local-12-c1 position-relative\">\r\n  <!---->\r\n  <div data-colibri-component=\"section\" data-colibri-id=\"12-c9\" id=\"custom\" class=\"h-section h-section-global-spacing d-flex align-items-lg-center align-items-md-center align-items-center style-271 style-local-12-c9 position-relative\">\r\n    <!---->\r\n    <!---->\r\n    <div class=\"h-section-grid-container h-section-boxed-container\">\r\n      <!---->\r\n      <div data-colibri-id=\"12-c10\" class=\"h-row-container gutters-row-lg-2 gutters-row-md-2 gutters-row-0 gutters-row-v-lg-2 gutters-row-v-md-2 gutters-row-v-2 style-272 style-local-12-c10 position-relative\">\r\n        <!---->\r\n        <div class=\"h-row justify-content-lg-center justify-content-md-center justify-content-center align-items-lg-stretch align-items-md-stretch align-items-stretch gutters-col-lg-2 gutters-col-md-2 gutters-col-0 gutters-col-v-lg-2 gutters-col-v-md-2 gutters-col-v-2\">\r\n          <!---->\r\n          <div class=\"h-column h-column-container d-flex h-col-lg-auto h-col-md-auto h-col-auto style-273-outer style-local-12-c11-outer\">\r\n            <div data-colibri-id=\"12-c11\" class=\"d-flex h-flex-basis h-column__inner h-px-lg-2 h-px-md-2 h-px-2 v-inner-lg-2 v-inner-md-2 v-inner-2 style-273 style-local-12-c11 position-relative\">\r\n              <!---->\r\n              <!---->\r\n              <div class=\"w-100 h-y-container h-column__content h-column__v-align flex-basis-100 align-self-lg-start align-self-md-start align-self-start\">\r\n                <!---->\r\n                <div data-colibri-id=\"12-c12\" class=\"h-text h-text-component style-274 style-local-12-c12 position-relative h-element\">\r\n                  <!---->\r\n                  <!---->\r\n                  <div class=\"\">\r\n                    <p>\r\n                      <br>\r\n                    <\/p>\r\n                    <h2>Je m&rsquo;appelle <em style=\"font-family: Playfair Display;\">L\u00e9a<\/em>, je me suis lanc\u00e9e\r\n                      <br>dans les <em style=\"font-family: Playfair Display;\">soins esth\u00e9tiques \u00e0 domicile <\/em>\r\n                      <br>\r\n                      <br>Dipl\u00f4m\u00e9e d\u2019un <em style=\"font-family: Playfair Display;\">CAP en esth\u00e9tiques cosm\u00e9tique et parfumerie, <\/em>je viens \u00e0 votre domicile vous offrir un moment de bonheur. Je sais \u00eatre \u00e0 l\u2019\u00e9coute de vos envies et m\u2019adapte \u00e0 vos besoins.\r\n                      <br>\r\n                    <\/h2>\r\n                  <\/div>\r\n                <\/div>\r\n              <\/div>\r\n            <\/div>\r\n          <\/div>\r\n        <\/div>\r\n      <\/div>\r\n      <div data-colibri-id=\"12-c34\" class=\"h-row-container gutters-row-lg-2 gutters-row-md-2 gutters-row-0 gutters-row-v-lg-2 gutters-row-v-md-2 gutters-row-v-2 style-296 style-local-12-c34 position-relative\">\r\n        <!---->\r\n        <div class=\"h-row justify-content-lg-center justify-content-md-center justify-content-center align-items-lg-stretch align-items-md-stretch align-items-stretch gutters-col-lg-2 gutters-col-md-2 gutters-col-0 gutters-col-v-lg-2 gutters-col-v-md-2 gutters-col-v-2\">\r\n          <!---->\r\n          <div class=\"h-column h-column-container d-flex h-col-lg-auto h-col-md-auto h-col-auto style-297-outer style-local-12-c35-outer\">\r\n            <div data-colibri-id=\"12-c35\" class=\"d-flex h-flex-basis h-column__inner h-px-lg-2 h-px-md-2 h-px-2 v-inner-lg-2 v-inner-md-2 v-inner-2 style-297 style-local-12-c35 position-relative\">\r\n              <!---->\r\n              <!---->\r\n              <div class=\"w-100 h-y-container h-column__content h-column__v-align flex-basis-100 align-self-lg-start align-self-md-start align-self-start\">\r\n                <!---->\r\n                <div data-colibri-id=\"12-c36\" class=\"h-text h-text-component style-298 style-local-12-c36 position-relative h-element\">\r\n                  <!---->\r\n                  <!---->\r\n                  <div class=\"\">\r\n                    <h2><em style=\"font-family: Playfair Display;\">Souriante, dynamique et ponctuelle, <\/em>je me ferai un plaisir de venir vous chouchouter. Tout en restant chez vous vous b\u00e9n\u00e9ficierez d\u2019un moment d\u2019\u00e9change et de d\u00e9tente. Mon petit plus,\r\n                      j\u2019utilise <em style=\"font-family: Playfair Display;\">des produits de qualit\u00e9 \u00e0 base d&rsquo;aloe vera.<br><\/em><\/h2>\r\n                    <h2><em style=\"font-family: Playfair Display;\">Je me d\u00e9place \u00e0<\/em> Ars-sur-Formans, Savigneux, Amb\u00e9rieux en Dombes, Saint-Jean-de-Thurignieux,Civrieux, Montanay, Neuville sur Sa\u00f4ne, Massieux, Reyrieux, Tr\u00e9voux, Saint-Didier-de-Formans,\r\n                      Saint-Euph\u00e9mie, Mis\u00e9rieux, Jassans-Riottier, Villeneuve et leurs alentours.<\/h2>\r\n                  <\/div>\r\n                <\/div>\r\n              <\/div>\r\n            <\/div>\r\n          <\/div>\r\n        <\/div>\r\n      <\/div>\r\n    <\/div>\r\n  <\/div>\r\n<\/div>","protected":false},"excerpt":{"rendered":"<p>Je m&rsquo;appelle L\u00e9a, je me suis lanc\u00e9e dans les soins esth\u00e9tiques \u00e0 domicile Dipl\u00f4m\u00e9e d\u2019un CAP en esth\u00e9tiques cosm\u00e9tique et parfumerie, je viens \u00e0 votre domicile vous offrir un moment de bonheur. Je sais \u00eatre \u00e0 l\u2019\u00e9coute de vos envies et m\u2019adapte \u00e0 vos besoins. Souriante, dynamique et ponctuelle, je me ferai un plaisir de [&hellip;]<\/p>\n","protected":false},"author":1,"featured_media":0,"parent":0,"menu_order":0,"comment_status":"closed","ping_status":"closed","template":"page-templates\/full-width-page.php","meta":{"footnotes":""},"class_list":["post-12","page","type-page","status-publish","hentry"],"yoast_head":"<!-- This site is optimized with the Yoast SEO plugin v27.4 - https:\/\/yoast.com\/product\/yoast-seo-wordpress\/ -->\n<title>Qui suis-je ? - Aloe&#039;sthetic<\/title>\n<meta name=\"description\" content=\"L\u00e9a Riffard-Barrale, sp\u00e9cialis\u00e9e dans les soins esth\u00e9tiques \u00e0 domicile dans les alentours de Neuville sur Sa\u00f4ne.\" \/>\n<meta name=\"robots\" content=\"index, follow, max-snippet:-1, max-image-preview:large, max-video-preview:-1\" \/>\n<link rel=\"canonical\" href=\"https:\/\/aloesthetic.com\/index.php\/qui-suis-je\/\" \/>\n<meta property=\"og:locale\" content=\"fr_FR\" \/>\n<meta property=\"og:type\" content=\"article\" \/>\n<meta property=\"og:title\" content=\"Qui suis-je ? - Aloe&#039;sthetic\" \/>\n<meta property=\"og:description\" content=\"L\u00e9a Riffard-Barrale, sp\u00e9cialis\u00e9e dans les soins esth\u00e9tiques \u00e0 domicile dans les alentours de Neuville sur Sa\u00f4ne.\" \/>\n<meta property=\"og:url\" content=\"https:\/\/aloesthetic.com\/index.php\/qui-suis-je\/\" \/>\n<meta property=\"og:site_name\" content=\"Aloe&#039;sthetic\" \/>\n<meta property=\"article:publisher\" content=\"https:\/\/www.facebook.com\/l.aloesthetic\/\" \/>\n<meta property=\"article:modified_time\" content=\"2022-12-30T09:18:10+00:00\" \/>\n<meta name=\"twitter:card\" content=\"summary_large_image\" \/>\n<meta name=\"twitter:label1\" content=\"Dur\u00e9e de lecture estim\u00e9e\" \/>\n\t<meta name=\"twitter:data1\" content=\"1 minute\" \/>\n<script type=\"application\/ld+json\" class=\"yoast-schema-graph\">{\"@context\":\"https:\\\/\\\/schema.org\",\"@graph\":[{\"@type\":\"WebPage\",\"@id\":\"https:\\\/\\\/aloesthetic.com\\\/index.php\\\/qui-suis-je\\\/\",\"url\":\"https:\\\/\\\/aloesthetic.com\\\/index.php\\\/qui-suis-je\\\/\",\"name\":\"Qui suis-je ? - Aloe&#039;sthetic\",\"isPartOf\":{\"@id\":\"https:\\\/\\\/aloesthetic.com\\\/#website\"},\"datePublished\":\"2022-10-11T20:08:07+00:00\",\"dateModified\":\"2022-12-30T09:18:10+00:00\",\"description\":\"L\u00e9a Riffard-Barrale, sp\u00e9cialis\u00e9e dans les soins esth\u00e9tiques \u00e0 domicile dans les alentours de Neuville sur Sa\u00f4ne.\",\"breadcrumb\":{\"@id\":\"https:\\\/\\\/aloesthetic.com\\\/index.php\\\/qui-suis-je\\\/#breadcrumb\"},\"inLanguage\":\"fr-FR\",\"potentialAction\":[{\"@type\":\"ReadAction\",\"target\":[\"https:\\\/\\\/aloesthetic.com\\\/index.php\\\/qui-suis-je\\\/\"]}]},{\"@type\":\"BreadcrumbList\",\"@id\":\"https:\\\/\\\/aloesthetic.com\\\/index.php\\\/qui-suis-je\\\/#breadcrumb\",\"itemListElement\":[{\"@type\":\"ListItem\",\"position\":1,\"name\":\"Accueil\",\"item\":\"https:\\\/\\\/aloesthetic.com\\\/\"},{\"@type\":\"ListItem\",\"position\":2,\"name\":\"Qui suis-je ?\"}]},{\"@type\":\"WebSite\",\"@id\":\"https:\\\/\\\/aloesthetic.com\\\/#website\",\"url\":\"https:\\\/\\\/aloesthetic.com\\\/\",\"name\":\"Aloesthetic\",\"description\":\"Soins esth\u00e9tiques \u00e0 domicile\",\"publisher\":{\"@id\":\"https:\\\/\\\/aloesthetic.com\\\/#organization\"},\"potentialAction\":[{\"@type\":\"SearchAction\",\"target\":{\"@type\":\"EntryPoint\",\"urlTemplate\":\"https:\\\/\\\/aloesthetic.com\\\/?s={search_term_string}\"},\"query-input\":{\"@type\":\"PropertyValueSpecification\",\"valueRequired\":true,\"valueName\":\"search_term_string\"}}],\"inLanguage\":\"fr-FR\"},{\"@type\":\"Organization\",\"@id\":\"https:\\\/\\\/aloesthetic.com\\\/#organization\",\"name\":\"Aloesthetic\",\"url\":\"https:\\\/\\\/aloesthetic.com\\\/\",\"logo\":{\"@type\":\"ImageObject\",\"inLanguage\":\"fr-FR\",\"@id\":\"https:\\\/\\\/aloesthetic.com\\\/#\\\/schema\\\/logo\\\/image\\\/\",\"url\":\"https:\\\/\\\/aloesthetic.com\\\/wp-content\\\/uploads\\\/2022\\\/10\\\/cropped-Snapchat-2018082298.png\",\"contentUrl\":\"https:\\\/\\\/aloesthetic.com\\\/wp-content\\\/uploads\\\/2022\\\/10\\\/cropped-Snapchat-2018082298.png\",\"width\":698,\"height\":185,\"caption\":\"Aloesthetic\"},\"image\":{\"@id\":\"https:\\\/\\\/aloesthetic.com\\\/#\\\/schema\\\/logo\\\/image\\\/\"},\"sameAs\":[\"https:\\\/\\\/www.facebook.com\\\/l.aloesthetic\\\/\",\"https:\\\/\\\/www.instagram.com\\\/l.aloesthetic\\\/?hl=fr\"]}]}<\/script>\n<!-- \/ Yoast SEO plugin. -->","yoast_head_json":{"title":"Qui suis-je ? - Aloe&#039;sthetic","description":"L\u00e9a Riffard-Barrale, sp\u00e9cialis\u00e9e dans les soins esth\u00e9tiques \u00e0 domicile dans les alentours de Neuville sur Sa\u00f4ne.","robots":{"index":"index","follow":"follow","max-snippet":"max-snippet:-1","max-image-preview":"max-image-preview:large","max-video-preview":"max-video-preview:-1"},"canonical":"https:\/\/aloesthetic.com\/index.php\/qui-suis-je\/","og_locale":"fr_FR","og_type":"article","og_title":"Qui suis-je ? - Aloe&#039;sthetic","og_description":"L\u00e9a Riffard-Barrale, sp\u00e9cialis\u00e9e dans les soins esth\u00e9tiques \u00e0 domicile dans les alentours de Neuville sur Sa\u00f4ne.","og_url":"https:\/\/aloesthetic.com\/index.php\/qui-suis-je\/","og_site_name":"Aloe&#039;sthetic","article_publisher":"https:\/\/www.facebook.com\/l.aloesthetic\/","article_modified_time":"2022-12-30T09:18:10+00:00","twitter_card":"summary_large_image","twitter_misc":{"Dur\u00e9e de lecture estim\u00e9e":"1 minute"},"schema":{"@context":"https:\/\/schema.org","@graph":[{"@type":"WebPage","@id":"https:\/\/aloesthetic.com\/index.php\/qui-suis-je\/","url":"https:\/\/aloesthetic.com\/index.php\/qui-suis-je\/","name":"Qui suis-je ? - Aloe&#039;sthetic","isPartOf":{"@id":"https:\/\/aloesthetic.com\/#website"},"datePublished":"2022-10-11T20:08:07+00:00","dateModified":"2022-12-30T09:18:10+00:00","description":"L\u00e9a Riffard-Barrale, sp\u00e9cialis\u00e9e dans les soins esth\u00e9tiques \u00e0 domicile dans les alentours de Neuville sur Sa\u00f4ne.","breadcrumb":{"@id":"https:\/\/aloesthetic.com\/index.php\/qui-suis-je\/#breadcrumb"},"inLanguage":"fr-FR","potentialAction":[{"@type":"ReadAction","target":["https:\/\/aloesthetic.com\/index.php\/qui-suis-je\/"]}]},{"@type":"BreadcrumbList","@id":"https:\/\/aloesthetic.com\/index.php\/qui-suis-je\/#breadcrumb","itemListElement":[{"@type":"ListItem","position":1,"name":"Accueil","item":"https:\/\/aloesthetic.com\/"},{"@type":"ListItem","position":2,"name":"Qui suis-je ?"}]},{"@type":"WebSite","@id":"https:\/\/aloesthetic.com\/#website","url":"https:\/\/aloesthetic.com\/","name":"Aloesthetic","description":"Soins esth\u00e9tiques \u00e0 domicile","publisher":{"@id":"https:\/\/aloesthetic.com\/#organization"},"potentialAction":[{"@type":"SearchAction","target":{"@type":"EntryPoint","urlTemplate":"https:\/\/aloesthetic.com\/?s={search_term_string}"},"query-input":{"@type":"PropertyValueSpecification","valueRequired":true,"valueName":"search_term_string"}}],"inLanguage":"fr-FR"},{"@type":"Organization","@id":"https:\/\/aloesthetic.com\/#organization","name":"Aloesthetic","url":"https:\/\/aloesthetic.com\/","logo":{"@type":"ImageObject","inLanguage":"fr-FR","@id":"https:\/\/aloesthetic.com\/#\/schema\/logo\/image\/","url":"https:\/\/aloesthetic.com\/wp-content\/uploads\/2022\/10\/cropped-Snapchat-2018082298.png","contentUrl":"https:\/\/aloesthetic.com\/wp-content\/uploads\/2022\/10\/cropped-Snapchat-2018082298.png","width":698,"height":185,"caption":"Aloesthetic"},"image":{"@id":"https:\/\/aloesthetic.com\/#\/schema\/logo\/image\/"},"sameAs":["https:\/\/www.facebook.com\/l.aloesthetic\/","https:\/\/www.instagram.com\/l.aloesthetic\/?hl=fr"]}]}},"jetpack_sharing_enabled":true,"_links":{"self":[{"href":"https:\/\/aloesthetic.com\/index.php\/wp-json\/wp\/v2\/pages\/12","targetHints":{"allow":["GET"]}}],"collection":[{"href":"https:\/\/aloesthetic.com\/index.php\/wp-json\/wp\/v2\/pages"}],"about":[{"href":"https:\/\/aloesthetic.com\/index.php\/wp-json\/wp\/v2\/types\/page"}],"author":[{"embeddable":true,"href":"https:\/\/aloesthetic.com\/index.php\/wp-json\/wp\/v2\/users\/1"}],"replies":[{"embeddable":true,"href":"https:\/\/aloesthetic.com\/index.php\/wp-json\/wp\/v2\/comments?post=12"}],"version-history":[{"count":9,"href":"https:\/\/aloesthetic.com\/index.php\/wp-json\/wp\/v2\/pages\/12\/revisions"}],"predecessor-version":[{"id":326,"href":"https:\/\/aloesthetic.com\/index.php\/wp-json\/wp\/v2\/pages\/12\/revisions\/326"}],"wp:attachment":[{"href":"https:\/\/aloesthetic.com\/index.php\/wp-json\/wp\/v2\/media?parent=12"}],"curies":[{"name":"wp","href":"https:\/\/api.w.org\/{rel}","templated":true}]}}